{"id":63,"date":"2016-04-21T09:30:42","date_gmt":"2016-04-21T09:30:42","guid":{"rendered":"http:\/\/demo.wpzoom.com\/delicio\/?page_id=63"},"modified":"2025-02-05T18:27:35","modified_gmt":"2025-02-05T23:27:35","slug":"apropos","status":"publish","type":"page","link":"https:\/\/chezharry.com\/en\/apropos\/","title":{"rendered":"About Us"},"content":{"rendered":"<h3>The Restaurant Chez Harry<\/h3>\r\n<p>Located in Charlesbourg, the <strong>Restaurant Chez Harry<\/strong> vous propose une cuisine grecque des plus r\u00e9confortantes. Offrant une gastronomie originale issue de recettes authentiques, Chez Harry est, depuis 1974, la r\u00e9f\u00e9rence en mati\u00e8re de bonne cuisine \u00e0 Qu\u00e9bec. Prenez part \u00e0 un \u00e9v\u00e9nement culinaire dans un cadre bistro chaleureux et convivial et soyez aux premi\u00e8res loges d&rsquo;une cuisine saine et savoureuse. Un peu plus et vous croiriez vous trouver assis \u00e0 la table d&rsquo;une v\u00e9ritable taverna grecque!<\/p>\r\n<p><strong>Chez Harry<\/strong> vous propose les plus grands classiques grecs et une s\u00e9lection d&rsquo;incontournables plats internationaux. De la moussaka aux traditionnelles brochettes, en passant par la pikilia, un vaste choix de produits de la mer, les d\u00e9jeuners servis d\u00e8s 8h et les menus midi, \u00a0Chez Harry est l&rsquo;adresse par excellence o\u00f9 trouver une cuisine de premi\u00e8re classe.<\/p>\r\n<p>Offrant une gastronomie m\u00e9diterran\u00e9enne raffin\u00e9e, Chez Harry est aussi une affaire d&rsquo;accueil: La chaleur de l&rsquo;endroit n&rsquo;a d&rsquo;\u00e9gal que le sourire du personnel qui est \u00e0 pied d&rsquo;\u0153uvre afin de vous faire sentir comme un membre d&rsquo;une grande famille.<\/p>\r\n<h3>We<\/h3>\r\n<figure><img decoding=\"async\" src=\"https:\/\/www.chezharry.com\/wp-content\/uploads\/2018\/07\/nous.jpg\" alt=\"nous\" \/>\r\n<figcaption>\r\n<h3>Our team<\/h3>\r\nTo serve you<\/figcaption>\r\n<\/figure>\r\n<figure><img decoding=\"async\" src=\"https:\/\/www.chezharry.com\/wp-content\/uploads\/2018\/07\/cuisine.jpg\" alt=\"nous\" \/>\r\n<figcaption>\r\n<h3>Our kitchen<\/h3>\r\nHealthy and tasty<\/figcaption>\r\n<\/figure>\r\n<figure><img decoding=\"async\" src=\"https:\/\/www.chezharry.com\/wp-content\/uploads\/2018\/07\/lafete.jpg\" alt=\"nous\" \/>\r\n<figcaption>\r\n<h3>Our customers<\/h3>\r\nOur friends<\/figcaption>\r\n<\/figure>\r\n<h3><a title=\"VIRTUAL TOUR\" href=\"https:\/\/goo.gl\/maps\/fF7LCbFjNbK2\" target=\"_self\" rel=\"noopener\"> VIRTUAL TOUR <\/a><\/h3>\r\n<a href=\"https:\/\/goo.gl\/maps\/fF7LCbFjNbK2\" target=\"_self\" rel=\"noopener\"><img decoding=\"async\" title=\"facade600\" src=\"https:\/\/chezharry.com\/wp-content\/uploads\/2024\/07\/facade600.jpg\" alt=\"facade\" width=\"600\" height=\"600\" \/><\/a>\r\n<h3>Find us<\/h3>\r\n<p><em>1190 Boul. Louis-XIV, Qu\u00e9bec, G1H 6P2<\/em><\/p>\r\n<p><iframe src=\"https:\/\/www.google.com\/maps\/embed\/v1\/place?key=AIzaSyD09zQ9PNDNNy9TadMuzRV_UsPUoWKntt8&amp;q=1190+Boul.+Louis-XIV%2C+Qu%C3%A9bec%2C+G1H+6P2\"><\/iframe><\/p>","protected":false},"excerpt":{"rendered":"<p>Le Restaurant Chez Harry Situ\u00e9 \u00e0 Charlesbourg, le Restaurant Chez Harry vous propose une cuisine grecque des plus r\u00e9confortantes. Offrant une gastronomie originale issue de recettes authentiques, Chez Harry est, depuis 1974, la r\u00e9f\u00e9rence en mati\u00e8re de bonne cuisine \u00e0 Qu\u00e9bec. Prenez part \u00e0 un \u00e9v\u00e9nement culinaire dans un cadre [&hellip;]<\/p>\n","protected":false},"author":1,"featured_media":5516,"parent":0,"menu_order":0,"comment_status":"closed","ping_status":"closed","template":"","meta":{"footnotes":""},"class_list":["post-63","page","type-page","status-publish","has-post-thumbnail","hentry"],"yoast_head":"<!-- This site is optimized with the Yoast SEO plugin v27.3 - https:\/\/yoast.com\/product\/yoast-seo-wordpress\/ -->\n<title>\u00c0 propos de nous - Restaurant Chez Harry<\/title>\n<meta name=\"description\" content=\"Quelques mots \u00e0 propos de notre resto et notre cuisine, afin de vous permettre nous connaitre un peu.\" \/>\n<meta name=\"robots\" content=\"index, follow, max-snippet:-1, max-image-preview:large, max-video-preview:-1\" \/>\n<link rel=\"canonical\" href=\"https:\/\/chezharry.com\/en\/apropos\/\" \/>\n<meta property=\"og:locale\" content=\"en_US\" \/>\n<meta property=\"og:type\" content=\"article\" \/>\n<meta property=\"og:title\" content=\"\u00c0 propos de nous - Restaurant Chez Harry\" \/>\n<meta property=\"og:description\" content=\"Quelques mots \u00e0 propos de notre resto et notre cuisine, afin de vous permettre nous connaitre un peu.\" \/>\n<meta property=\"og:url\" content=\"https:\/\/chezharry.com\/en\/apropos\/\" \/>\n<meta property=\"og:site_name\" content=\"Restaurant Chez Harry\" \/>\n<meta property=\"article:publisher\" content=\"https:\/\/fr-ca.facebook.com\/RestaurantChezHarry\" \/>\n<meta property=\"article:modified_time\" content=\"2025-02-05T23:27:35+00:00\" \/>\n<meta property=\"og:image\" content=\"https:\/\/chezharry.com\/wp-content\/uploads\/2018\/07\/la16-3.jpg\" \/>\n\t<meta property=\"og:image:width\" content=\"1024\" \/>\n\t<meta property=\"og:image:height\" content=\"768\" \/>\n\t<meta property=\"og:image:type\" content=\"image\/jpeg\" \/>\n<meta name=\"twitter:card\" content=\"summary_large_image\" \/>\n<meta name=\"twitter:label1\" content=\"Est. reading time\" \/>\n\t<meta name=\"twitter:data1\" content=\"2 minutes\" \/>\n<script type=\"application\/ld+json\" class=\"yoast-schema-graph\">{\"@context\":\"https:\\\/\\\/schema.org\",\"@graph\":[{\"@type\":\"WebPage\",\"@id\":\"https:\\\/\\\/chezharry.com\\\/apropos\\\/\",\"url\":\"https:\\\/\\\/chezharry.com\\\/apropos\\\/\",\"name\":\"\u00c0 propos de nous - Restaurant Chez Harry\",\"isPartOf\":{\"@id\":\"https:\\\/\\\/chezharry.com\\\/#website\"},\"primaryImageOfPage\":{\"@id\":\"https:\\\/\\\/chezharry.com\\\/apropos\\\/#primaryimage\"},\"image\":{\"@id\":\"https:\\\/\\\/chezharry.com\\\/apropos\\\/#primaryimage\"},\"thumbnailUrl\":\"https:\\\/\\\/chezharry.com\\\/wp-content\\\/uploads\\\/2018\\\/07\\\/la16-3.jpg\",\"datePublished\":\"2016-04-21T09:30:42+00:00\",\"dateModified\":\"2025-02-05T23:27:35+00:00\",\"description\":\"Quelques mots \u00e0 propos de notre resto et notre cuisine, afin de vous permettre nous connaitre un peu.\",\"breadcrumb\":{\"@id\":\"https:\\\/\\\/chezharry.com\\\/apropos\\\/#breadcrumb\"},\"inLanguage\":\"en-US\",\"potentialAction\":[{\"@type\":\"ReadAction\",\"target\":[\"https:\\\/\\\/chezharry.com\\\/apropos\\\/\"]}]},{\"@type\":\"ImageObject\",\"inLanguage\":\"en-US\",\"@id\":\"https:\\\/\\\/chezharry.com\\\/apropos\\\/#primaryimage\",\"url\":\"https:\\\/\\\/chezharry.com\\\/wp-content\\\/uploads\\\/2018\\\/07\\\/la16-3.jpg\",\"contentUrl\":\"https:\\\/\\\/chezharry.com\\\/wp-content\\\/uploads\\\/2018\\\/07\\\/la16-3.jpg\",\"width\":1024,\"height\":768,\"caption\":\"La table 16\"},{\"@type\":\"BreadcrumbList\",\"@id\":\"https:\\\/\\\/chezharry.com\\\/apropos\\\/#breadcrumb\",\"itemListElement\":[{\"@type\":\"ListItem\",\"position\":1,\"name\":\"Accueil\",\"item\":\"https:\\\/\\\/chezharry.com\\\/\"},{\"@type\":\"ListItem\",\"position\":2,\"name\":\"\u00c0 propos de nous\"}]},{\"@type\":\"WebSite\",\"@id\":\"https:\\\/\\\/chezharry.com\\\/#website\",\"url\":\"https:\\\/\\\/chezharry.com\\\/\",\"name\":\"Restaurant Chez Harry\",\"description\":\"\u00a0\u00a0\u00a0Un amour de resto !\",\"publisher\":{\"@id\":\"https:\\\/\\\/chezharry.com\\\/#organization\"},\"alternateName\":\"Restaurant Chez Harry - Quebec\",\"potentialAction\":[{\"@type\":\"SearchAction\",\"target\":{\"@type\":\"EntryPoint\",\"urlTemplate\":\"https:\\\/\\\/chezharry.com\\\/?s={search_term_string}\"},\"query-input\":{\"@type\":\"PropertyValueSpecification\",\"valueRequired\":true,\"valueName\":\"search_term_string\"}}],\"inLanguage\":\"en-US\"},{\"@type\":\"Organization\",\"@id\":\"https:\\\/\\\/chezharry.com\\\/#organization\",\"name\":\"Restaurant Chez Harry\",\"alternateName\":\"Restaurant Chez Harry - Quebec\",\"url\":\"https:\\\/\\\/chezharry.com\\\/\",\"logo\":{\"@type\":\"ImageObject\",\"inLanguage\":\"en-US\",\"@id\":\"https:\\\/\\\/chezharry.com\\\/#\\\/schema\\\/logo\\\/image\\\/\",\"url\":\"https:\\\/\\\/chezharry.com\\\/wp-content\\\/uploads\\\/2023\\\/10\\\/Chez-Harry-logo-arrondi-480.png\",\"contentUrl\":\"https:\\\/\\\/chezharry.com\\\/wp-content\\\/uploads\\\/2023\\\/10\\\/Chez-Harry-logo-arrondi-480.png\",\"width\":480,\"height\":621,\"caption\":\"Restaurant Chez Harry\"},\"image\":{\"@id\":\"https:\\\/\\\/chezharry.com\\\/#\\\/schema\\\/logo\\\/image\\\/\"},\"sameAs\":[\"https:\\\/\\\/fr-ca.facebook.com\\\/RestaurantChezHarry\",\"https:\\\/\\\/www.instagram.com\\\/restaurant_chezharry\\\/\",\"https:\\\/\\\/www.tiktok.com\\\/@restochezharry\"]}]}<\/script>\n<!-- \/ Yoast SEO plugin. -->","yoast_head_json":{"title":"\u00c0 propos de nous - Restaurant Chez Harry","description":"Quelques mots \u00e0 propos de notre resto et notre cuisine, afin de vous permettre nous connaitre un peu.","robots":{"index":"index","follow":"follow","max-snippet":"max-snippet:-1","max-image-preview":"max-image-preview:large","max-video-preview":"max-video-preview:-1"},"canonical":"https:\/\/chezharry.com\/en\/apropos\/","og_locale":"en_US","og_type":"article","og_title":"\u00c0 propos de nous - Restaurant Chez Harry","og_description":"Quelques mots \u00e0 propos de notre resto et notre cuisine, afin de vous permettre nous connaitre un peu.","og_url":"https:\/\/chezharry.com\/en\/apropos\/","og_site_name":"Restaurant Chez Harry","article_publisher":"https:\/\/fr-ca.facebook.com\/RestaurantChezHarry","article_modified_time":"2025-02-05T23:27:35+00:00","og_image":[{"width":1024,"height":768,"url":"https:\/\/chezharry.com\/wp-content\/uploads\/2018\/07\/la16-3.jpg","type":"image\/jpeg"}],"twitter_card":"summary_large_image","twitter_misc":{"Est. reading time":"2 minutes"},"schema":{"@context":"https:\/\/schema.org","@graph":[{"@type":"WebPage","@id":"https:\/\/chezharry.com\/apropos\/","url":"https:\/\/chezharry.com\/apropos\/","name":"\u00c0 propos de nous - Restaurant Chez Harry","isPartOf":{"@id":"https:\/\/chezharry.com\/#website"},"primaryImageOfPage":{"@id":"https:\/\/chezharry.com\/apropos\/#primaryimage"},"image":{"@id":"https:\/\/chezharry.com\/apropos\/#primaryimage"},"thumbnailUrl":"https:\/\/chezharry.com\/wp-content\/uploads\/2018\/07\/la16-3.jpg","datePublished":"2016-04-21T09:30:42+00:00","dateModified":"2025-02-05T23:27:35+00:00","description":"Quelques mots \u00e0 propos de notre resto et notre cuisine, afin de vous permettre nous connaitre un peu.","breadcrumb":{"@id":"https:\/\/chezharry.com\/apropos\/#breadcrumb"},"inLanguage":"en-US","potentialAction":[{"@type":"ReadAction","target":["https:\/\/chezharry.com\/apropos\/"]}]},{"@type":"ImageObject","inLanguage":"en-US","@id":"https:\/\/chezharry.com\/apropos\/#primaryimage","url":"https:\/\/chezharry.com\/wp-content\/uploads\/2018\/07\/la16-3.jpg","contentUrl":"https:\/\/chezharry.com\/wp-content\/uploads\/2018\/07\/la16-3.jpg","width":1024,"height":768,"caption":"La table 16"},{"@type":"BreadcrumbList","@id":"https:\/\/chezharry.com\/apropos\/#breadcrumb","itemListElement":[{"@type":"ListItem","position":1,"name":"Accueil","item":"https:\/\/chezharry.com\/"},{"@type":"ListItem","position":2,"name":"\u00c0 propos de nous"}]},{"@type":"WebSite","@id":"https:\/\/chezharry.com\/#website","url":"https:\/\/chezharry.com\/","name":"Restaurant Chez Harry","description":"\u00a0\u00a0\u00a0A love of a restaurant!","publisher":{"@id":"https:\/\/chezharry.com\/#organization"},"alternateName":"Restaurant Chez Harry - Quebec","potentialAction":[{"@type":"SearchAction","target":{"@type":"EntryPoint","urlTemplate":"https:\/\/chezharry.com\/?s={search_term_string}"},"query-input":{"@type":"PropertyValueSpecification","valueRequired":true,"valueName":"search_term_string"}}],"inLanguage":"en-US"},{"@type":"Organization","@id":"https:\/\/chezharry.com\/#organization","name":"Restaurant Chez Harry","alternateName":"Restaurant Chez Harry - Quebec","url":"https:\/\/chezharry.com\/","logo":{"@type":"ImageObject","inLanguage":"en-US","@id":"https:\/\/chezharry.com\/#\/schema\/logo\/image\/","url":"https:\/\/chezharry.com\/wp-content\/uploads\/2023\/10\/Chez-Harry-logo-arrondi-480.png","contentUrl":"https:\/\/chezharry.com\/wp-content\/uploads\/2023\/10\/Chez-Harry-logo-arrondi-480.png","width":480,"height":621,"caption":"Restaurant Chez Harry"},"image":{"@id":"https:\/\/chezharry.com\/#\/schema\/logo\/image\/"},"sameAs":["https:\/\/fr-ca.facebook.com\/RestaurantChezHarry","https:\/\/www.instagram.com\/restaurant_chezharry\/","https:\/\/www.tiktok.com\/@restochezharry"]}]}},"_links":{"self":[{"href":"https:\/\/chezharry.com\/en\/wp-json\/wp\/v2\/pages\/63","targetHints":{"allow":["GET"]}}],"collection":[{"href":"https:\/\/chezharry.com\/en\/wp-json\/wp\/v2\/pages"}],"about":[{"href":"https:\/\/chezharry.com\/en\/wp-json\/wp\/v2\/types\/page"}],"author":[{"embeddable":true,"href":"https:\/\/chezharry.com\/en\/wp-json\/wp\/v2\/users\/1"}],"replies":[{"embeddable":true,"href":"https:\/\/chezharry.com\/en\/wp-json\/wp\/v2\/comments?post=63"}],"version-history":[{"count":7,"href":"https:\/\/chezharry.com\/en\/wp-json\/wp\/v2\/pages\/63\/revisions"}],"predecessor-version":[{"id":24522,"href":"https:\/\/chezharry.com\/en\/wp-json\/wp\/v2\/pages\/63\/revisions\/24522"}],"wp:featuredmedia":[{"embeddable":true,"href":"https:\/\/chezharry.com\/en\/wp-json\/wp\/v2\/media\/5516"}],"wp:attachment":[{"href":"https:\/\/chezharry.com\/en\/wp-json\/wp\/v2\/media?parent=63"}],"curies":[{"name":"wp","href":"https:\/\/api.w.org\/{rel}","templated":true}]}}