{"id":5747,"date":"2018-08-08T18:21:34","date_gmt":"2018-08-08T22:21:34","guid":{"rendered":"http:\/\/chezharry.com\/?page_id=5747"},"modified":"2026-02-20T11:11:05","modified_gmt":"2026-02-20T16:11:05","slug":"speciaux","status":"publish","type":"page","link":"https:\/\/chezharry.com\/en\/speciaux\/","title":{"rendered":"Specials"},"content":{"rendered":"<a href=\"https:\/\/chezharry.com\/en\/reservations\/\"  target=\"_self\">\n\t\t\t\t\t\t\tRESERVATIONS\n\t\t\t\t\t<\/a>\n<figure itemscope itemtype=\"https:\/\/schema.org\/ImageObject\">\n\t\t\t\t<a href=\"https:\/\/chezharry.com\/wp-content\/uploads\/2025\/06\/menu_harry-2025-mai-NP-speciaux_01.jpg\"  target=\"_self\" itemprop=\"url\">\n\t\t\t\t<img decoding=\"async\" src=\"https:\/\/chezharry.com\/wp-content\/uploads\/2025\/06\/menu_harry-2025-mai-NP-speciaux_01-1000x1294.jpg\" alt=\"menu_harry 2025 mai NP speciaux_01\" height=\"1255\" width=\"970\" title=\"menu_harry 2025 mai NP speciaux_01\" onerror=\"this.style.display='none'\" loading=\"lazy\" \/>\n\t\t\t\t<\/a>\n\t<\/figure>","protected":false},"excerpt":{"rendered":"<p>RESERVATIONS<\/p>","protected":false},"author":1,"featured_media":8624,"parent":0,"menu_order":0,"comment_status":"closed","ping_status":"closed","template":"","meta":{"footnotes":""},"class_list":["post-5747","page","type-page","status-publish","has-post-thumbnail","hentry"],"yoast_head":"<!-- This site is optimized with the Yoast SEO plugin v27.3 - https:\/\/yoast.com\/product\/yoast-seo-wordpress\/ -->\n<title>Sp\u00e9ciaux - Restaurant Chez Harry<\/title>\n<meta name=\"description\" content=\"Nos sp\u00e9ciaux, tir\u00e9s de notre menu ou des nouveaut\u00e9s \u00e0 d\u00e9couvrir.\" \/>\n<meta name=\"robots\" content=\"index, follow, max-snippet:-1, max-image-preview:large, max-video-preview:-1\" \/>\n<link rel=\"canonical\" href=\"https:\/\/chezharry.com\/en\/speciaux\/\" \/>\n<meta property=\"og:locale\" content=\"en_US\" \/>\n<meta property=\"og:type\" content=\"article\" \/>\n<meta property=\"og:title\" content=\"Sp\u00e9ciaux - Restaurant Chez Harry\" \/>\n<meta property=\"og:description\" content=\"Nos sp\u00e9ciaux, tir\u00e9s de notre menu ou des nouveaut\u00e9s \u00e0 d\u00e9couvrir.\" \/>\n<meta property=\"og:url\" content=\"https:\/\/chezharry.com\/en\/speciaux\/\" \/>\n<meta property=\"og:site_name\" content=\"Restaurant Chez Harry\" \/>\n<meta property=\"article:publisher\" content=\"https:\/\/fr-ca.facebook.com\/RestaurantChezHarry\" \/>\n<meta property=\"article:modified_time\" content=\"2026-02-20T16:11:05+00:00\" \/>\n<meta property=\"og:image\" content=\"https:\/\/chezharry.com\/wp-content\/uploads\/2024\/06\/Tablee-1.jpg\" \/>\n\t<meta property=\"og:image:width\" content=\"725\" \/>\n\t<meta property=\"og:image:height\" content=\"480\" \/>\n\t<meta property=\"og:image:type\" content=\"image\/jpeg\" \/>\n<meta name=\"twitter:card\" content=\"summary_large_image\" \/>\n<meta name=\"twitter:label1\" content=\"Est. reading time\" \/>\n\t<meta name=\"twitter:data1\" content=\"1 minute\" \/>\n<script type=\"application\/ld+json\" class=\"yoast-schema-graph\">{\"@context\":\"https:\\\/\\\/schema.org\",\"@graph\":[{\"@type\":\"WebPage\",\"@id\":\"https:\\\/\\\/chezharry.com\\\/speciaux\\\/\",\"url\":\"https:\\\/\\\/chezharry.com\\\/speciaux\\\/\",\"name\":\"Sp\u00e9ciaux - Restaurant Chez Harry\",\"isPartOf\":{\"@id\":\"https:\\\/\\\/chezharry.com\\\/#website\"},\"primaryImageOfPage\":{\"@id\":\"https:\\\/\\\/chezharry.com\\\/speciaux\\\/#primaryimage\"},\"image\":{\"@id\":\"https:\\\/\\\/chezharry.com\\\/speciaux\\\/#primaryimage\"},\"thumbnailUrl\":\"https:\\\/\\\/chezharry.com\\\/wp-content\\\/uploads\\\/2024\\\/06\\\/Tablee-1.jpg\",\"datePublished\":\"2018-08-08T22:21:34+00:00\",\"dateModified\":\"2026-02-20T16:11:05+00:00\",\"description\":\"Nos sp\u00e9ciaux, tir\u00e9s de notre menu ou des nouveaut\u00e9s \u00e0 d\u00e9couvrir.\",\"breadcrumb\":{\"@id\":\"https:\\\/\\\/chezharry.com\\\/speciaux\\\/#breadcrumb\"},\"inLanguage\":\"en-US\",\"potentialAction\":[{\"@type\":\"ReadAction\",\"target\":[\"https:\\\/\\\/chezharry.com\\\/speciaux\\\/\"]}]},{\"@type\":\"ImageObject\",\"inLanguage\":\"en-US\",\"@id\":\"https:\\\/\\\/chezharry.com\\\/speciaux\\\/#primaryimage\",\"url\":\"https:\\\/\\\/chezharry.com\\\/wp-content\\\/uploads\\\/2024\\\/06\\\/Tablee-1.jpg\",\"contentUrl\":\"https:\\\/\\\/chezharry.com\\\/wp-content\\\/uploads\\\/2024\\\/06\\\/Tablee-1.jpg\",\"width\":725,\"height\":480},{\"@type\":\"BreadcrumbList\",\"@id\":\"https:\\\/\\\/chezharry.com\\\/speciaux\\\/#breadcrumb\",\"itemListElement\":[{\"@type\":\"ListItem\",\"position\":1,\"name\":\"Accueil\",\"item\":\"https:\\\/\\\/chezharry.com\\\/\"},{\"@type\":\"ListItem\",\"position\":2,\"name\":\"Sp\u00e9ciaux\"}]},{\"@type\":\"WebSite\",\"@id\":\"https:\\\/\\\/chezharry.com\\\/#website\",\"url\":\"https:\\\/\\\/chezharry.com\\\/\",\"name\":\"Restaurant Chez Harry\",\"description\":\"\u00a0\u00a0\u00a0Un amour de resto !\",\"publisher\":{\"@id\":\"https:\\\/\\\/chezharry.com\\\/#organization\"},\"alternateName\":\"Restaurant Chez Harry - Quebec\",\"potentialAction\":[{\"@type\":\"SearchAction\",\"target\":{\"@type\":\"EntryPoint\",\"urlTemplate\":\"https:\\\/\\\/chezharry.com\\\/?s={search_term_string}\"},\"query-input\":{\"@type\":\"PropertyValueSpecification\",\"valueRequired\":true,\"valueName\":\"search_term_string\"}}],\"inLanguage\":\"en-US\"},{\"@type\":\"Organization\",\"@id\":\"https:\\\/\\\/chezharry.com\\\/#organization\",\"name\":\"Restaurant Chez Harry\",\"alternateName\":\"Restaurant Chez Harry - Quebec\",\"url\":\"https:\\\/\\\/chezharry.com\\\/\",\"logo\":{\"@type\":\"ImageObject\",\"inLanguage\":\"en-US\",\"@id\":\"https:\\\/\\\/chezharry.com\\\/#\\\/schema\\\/logo\\\/image\\\/\",\"url\":\"https:\\\/\\\/chezharry.com\\\/wp-content\\\/uploads\\\/2023\\\/10\\\/Chez-Harry-logo-arrondi-480.png\",\"contentUrl\":\"https:\\\/\\\/chezharry.com\\\/wp-content\\\/uploads\\\/2023\\\/10\\\/Chez-Harry-logo-arrondi-480.png\",\"width\":480,\"height\":621,\"caption\":\"Restaurant Chez Harry\"},\"image\":{\"@id\":\"https:\\\/\\\/chezharry.com\\\/#\\\/schema\\\/logo\\\/image\\\/\"},\"sameAs\":[\"https:\\\/\\\/fr-ca.facebook.com\\\/RestaurantChezHarry\",\"https:\\\/\\\/www.instagram.com\\\/restaurant_chezharry\\\/\",\"https:\\\/\\\/www.tiktok.com\\\/@restochezharry\"]}]}<\/script>\n<!-- \/ Yoast SEO plugin. -->","yoast_head_json":{"title":"Sp\u00e9ciaux - Restaurant Chez Harry","description":"Nos sp\u00e9ciaux, tir\u00e9s de notre menu ou des nouveaut\u00e9s \u00e0 d\u00e9couvrir.","robots":{"index":"index","follow":"follow","max-snippet":"max-snippet:-1","max-image-preview":"max-image-preview:large","max-video-preview":"max-video-preview:-1"},"canonical":"https:\/\/chezharry.com\/en\/speciaux\/","og_locale":"en_US","og_type":"article","og_title":"Sp\u00e9ciaux - Restaurant Chez Harry","og_description":"Nos sp\u00e9ciaux, tir\u00e9s de notre menu ou des nouveaut\u00e9s \u00e0 d\u00e9couvrir.","og_url":"https:\/\/chezharry.com\/en\/speciaux\/","og_site_name":"Restaurant Chez Harry","article_publisher":"https:\/\/fr-ca.facebook.com\/RestaurantChezHarry","article_modified_time":"2026-02-20T16:11:05+00:00","og_image":[{"width":725,"height":480,"url":"https:\/\/chezharry.com\/wp-content\/uploads\/2024\/06\/Tablee-1.jpg","type":"image\/jpeg"}],"twitter_card":"summary_large_image","twitter_misc":{"Est. reading time":"1 minute"},"schema":{"@context":"https:\/\/schema.org","@graph":[{"@type":"WebPage","@id":"https:\/\/chezharry.com\/speciaux\/","url":"https:\/\/chezharry.com\/speciaux\/","name":"Sp\u00e9ciaux - Restaurant Chez Harry","isPartOf":{"@id":"https:\/\/chezharry.com\/#website"},"primaryImageOfPage":{"@id":"https:\/\/chezharry.com\/speciaux\/#primaryimage"},"image":{"@id":"https:\/\/chezharry.com\/speciaux\/#primaryimage"},"thumbnailUrl":"https:\/\/chezharry.com\/wp-content\/uploads\/2024\/06\/Tablee-1.jpg","datePublished":"2018-08-08T22:21:34+00:00","dateModified":"2026-02-20T16:11:05+00:00","description":"Nos sp\u00e9ciaux, tir\u00e9s de notre menu ou des nouveaut\u00e9s \u00e0 d\u00e9couvrir.","breadcrumb":{"@id":"https:\/\/chezharry.com\/speciaux\/#breadcrumb"},"inLanguage":"en-US","potentialAction":[{"@type":"ReadAction","target":["https:\/\/chezharry.com\/speciaux\/"]}]},{"@type":"ImageObject","inLanguage":"en-US","@id":"https:\/\/chezharry.com\/speciaux\/#primaryimage","url":"https:\/\/chezharry.com\/wp-content\/uploads\/2024\/06\/Tablee-1.jpg","contentUrl":"https:\/\/chezharry.com\/wp-content\/uploads\/2024\/06\/Tablee-1.jpg","width":725,"height":480},{"@type":"BreadcrumbList","@id":"https:\/\/chezharry.com\/speciaux\/#breadcrumb","itemListElement":[{"@type":"ListItem","position":1,"name":"Accueil","item":"https:\/\/chezharry.com\/"},{"@type":"ListItem","position":2,"name":"Sp\u00e9ciaux"}]},{"@type":"WebSite","@id":"https:\/\/chezharry.com\/#website","url":"https:\/\/chezharry.com\/","name":"Restaurant Chez Harry","description":"\u00a0\u00a0\u00a0A love of a restaurant!","publisher":{"@id":"https:\/\/chezharry.com\/#organization"},"alternateName":"Restaurant Chez Harry - Quebec","potentialAction":[{"@type":"SearchAction","target":{"@type":"EntryPoint","urlTemplate":"https:\/\/chezharry.com\/?s={search_term_string}"},"query-input":{"@type":"PropertyValueSpecification","valueRequired":true,"valueName":"search_term_string"}}],"inLanguage":"en-US"},{"@type":"Organization","@id":"https:\/\/chezharry.com\/#organization","name":"Restaurant Chez Harry","alternateName":"Restaurant Chez Harry - Quebec","url":"https:\/\/chezharry.com\/","logo":{"@type":"ImageObject","inLanguage":"en-US","@id":"https:\/\/chezharry.com\/#\/schema\/logo\/image\/","url":"https:\/\/chezharry.com\/wp-content\/uploads\/2023\/10\/Chez-Harry-logo-arrondi-480.png","contentUrl":"https:\/\/chezharry.com\/wp-content\/uploads\/2023\/10\/Chez-Harry-logo-arrondi-480.png","width":480,"height":621,"caption":"Restaurant Chez Harry"},"image":{"@id":"https:\/\/chezharry.com\/#\/schema\/logo\/image\/"},"sameAs":["https:\/\/fr-ca.facebook.com\/RestaurantChezHarry","https:\/\/www.instagram.com\/restaurant_chezharry\/","https:\/\/www.tiktok.com\/@restochezharry"]}]}},"_links":{"self":[{"href":"https:\/\/chezharry.com\/en\/wp-json\/wp\/v2\/pages\/5747","targetHints":{"allow":["GET"]}}],"collection":[{"href":"https:\/\/chezharry.com\/en\/wp-json\/wp\/v2\/pages"}],"about":[{"href":"https:\/\/chezharry.com\/en\/wp-json\/wp\/v2\/types\/page"}],"author":[{"embeddable":true,"href":"https:\/\/chezharry.com\/en\/wp-json\/wp\/v2\/users\/1"}],"replies":[{"embeddable":true,"href":"https:\/\/chezharry.com\/en\/wp-json\/wp\/v2\/comments?post=5747"}],"version-history":[{"count":11,"href":"https:\/\/chezharry.com\/en\/wp-json\/wp\/v2\/pages\/5747\/revisions"}],"predecessor-version":[{"id":26033,"href":"https:\/\/chezharry.com\/en\/wp-json\/wp\/v2\/pages\/5747\/revisions\/26033"}],"wp:featuredmedia":[{"embeddable":true,"href":"https:\/\/chezharry.com\/en\/wp-json\/wp\/v2\/media\/8624"}],"wp:attachment":[{"href":"https:\/\/chezharry.com\/en\/wp-json\/wp\/v2\/media?parent=5747"}],"curies":[{"name":"wp","href":"https:\/\/api.w.org\/{rel}","templated":true}]}}