{"id":37,"date":"2016-04-20T10:10:04","date_gmt":"2016-04-20T14:10:04","guid":{"rendered":"http:\/\/demo.wpzoom.com\/delicio\/?page_id=37"},"modified":"2025-09-12T18:32:09","modified_gmt":"2025-09-12T22:32:09","slug":"evenements","status":"publish","type":"page","link":"https:\/\/chezharry.com\/en\/evenements\/","title":{"rendered":"\u00c9v\u00e9nements"},"content":{"rendered":"<section id=\"section_id-137\" class=\"fw-main-row fw-section-no-padding\">\n<div class=\"fw-container\">\n<div class=\"fw-row\">\n<div class=\"fw-col-xs-12\">\n<h2 style=\"text-align: center;\"><a href=\"http:\/\/chezharry.com\/en\/reservations\/\"><span class=\"wpz-\">Book a table<\/span><\/a><\/h2>\n<a href=\"https:\/\/chezharry.com\/wp-content\/uploads\/2025\/09\/Menu-18-oct-2025-scaled.jpg\"><img decoding=\"async\" class=\"aligncenter wp-image-25276 size-featured-small\" src=\"https:\/\/chezharry.com\/wp-content\/uploads\/2025\/09\/Menu-18-oct-2025-1000x1351.jpg\" alt=\"Soir\u00e9e grecque\" width=\"970\" height=\"1310\" srcset=\"https:\/\/chezharry.com\/wp-content\/uploads\/2025\/09\/Menu-18-oct-2025-1000x1351.jpg 1000w, https:\/\/chezharry.com\/wp-content\/uploads\/2025\/09\/Menu-18-oct-2025-222x300.jpg 222w, https:\/\/chezharry.com\/wp-content\/uploads\/2025\/09\/Menu-18-oct-2025-758x1024.jpg 758w, https:\/\/chezharry.com\/wp-content\/uploads\/2025\/09\/Menu-18-oct-2025-768x1037.jpg 768w, https:\/\/chezharry.com\/wp-content\/uploads\/2025\/09\/Menu-18-oct-2025-148x200.jpg 148w, https:\/\/chezharry.com\/wp-content\/uploads\/2025\/09\/Menu-18-oct-2025-1137x1536.jpg 1137w, https:\/\/chezharry.com\/wp-content\/uploads\/2025\/09\/Menu-18-oct-2025-1516x2048.jpg 1516w, https:\/\/chezharry.com\/wp-content\/uploads\/2025\/09\/Menu-18-oct-2025-9x12.jpg 9w, https:\/\/chezharry.com\/wp-content\/uploads\/2025\/09\/Menu-18-oct-2025-2000x2702.jpg 2000w, https:\/\/chezharry.com\/wp-content\/uploads\/2025\/09\/Menu-18-oct-2025-scaled.jpg 1895w\" sizes=\"(max-width: 970px) 100vw, 970px\" \/><\/a>\n<\/div>\n<\/div>\n<\/div>\n<\/section>\n<p><!--more--><\/p>\n<p><!-- cfbf7293ba49d3d3c476c4122fe9098d --><\/p>","protected":false},"excerpt":{"rendered":"<p>Book a table<\/p>","protected":false},"author":1,"featured_media":25277,"parent":0,"menu_order":0,"comment_status":"closed","ping_status":"closed","template":"","meta":{"footnotes":""},"class_list":["post-37","page","type-page","status-publish","has-post-thumbnail","hentry"],"yoast_head":"<!-- This site is optimized with the Yoast SEO plugin v27.4 - https:\/\/yoast.com\/product\/yoast-seo-wordpress\/ -->\n<title>\u00c9v\u00e9nements - Restaurant Chez Harry Soir\u00e9e grecque<\/title>\n<meta name=\"description\" content=\"Le Restaurant Chez Harry vous invite le SAMEDI 18 octobre 2025 \u00e0 sa SOIR\u00c9E GRECQUE La soir\u00e9e la plus festive en ville, o\u00f9 la nourriture, la musique, la danse et la chaleur grecque seront \u00e0 l\u2019honneur. Menu sp\u00e9cial - prix de pr\u00e9sence\" \/>\n<meta name=\"robots\" content=\"index, follow, max-snippet:-1, max-image-preview:large, max-video-preview:-1\" \/>\n<link rel=\"canonical\" href=\"https:\/\/chezharry.com\/en\/evenements\/\" \/>\n<meta property=\"og:locale\" content=\"en_US\" \/>\n<meta property=\"og:type\" content=\"article\" \/>\n<meta property=\"og:title\" content=\"\u00c9v\u00e9nements - Restaurant Chez Harry Soir\u00e9e grecque\" \/>\n<meta property=\"og:description\" content=\"Le Restaurant Chez Harry vous invite le SAMEDI 18 octobre 2025 \u00e0 sa SOIR\u00c9E GRECQUE La soir\u00e9e la plus festive en ville, o\u00f9 la nourriture, la musique, la danse et la chaleur grecque seront \u00e0 l\u2019honneur. Menu sp\u00e9cial - prix de pr\u00e9sence\" \/>\n<meta property=\"og:url\" content=\"https:\/\/chezharry.com\/en\/evenements\/\" \/>\n<meta property=\"og:site_name\" content=\"Restaurant Chez Harry\" \/>\n<meta property=\"article:publisher\" content=\"https:\/\/fr-ca.facebook.com\/RestaurantChezHarry\" \/>\n<meta property=\"article:modified_time\" content=\"2025-09-12T22:32:09+00:00\" \/>\n<meta property=\"og:image\" content=\"https:\/\/chezharry.com\/wp-content\/uploads\/2025\/09\/18-oct-2025.jpg\" \/>\n\t<meta property=\"og:image:width\" content=\"1024\" \/>\n\t<meta property=\"og:image:height\" content=\"1024\" \/>\n\t<meta property=\"og:image:type\" content=\"image\/jpeg\" \/>\n<meta name=\"twitter:card\" content=\"summary_large_image\" \/>\n<meta name=\"twitter:label1\" content=\"Est. reading time\" \/>\n\t<meta name=\"twitter:data1\" content=\"1 minute\" \/>\n<script type=\"application\/ld+json\" class=\"yoast-schema-graph\">{\"@context\":\"https:\\\/\\\/schema.org\",\"@graph\":[{\"@type\":\"WebPage\",\"@id\":\"https:\\\/\\\/chezharry.com\\\/evenements\\\/\",\"url\":\"https:\\\/\\\/chezharry.com\\\/evenements\\\/\",\"name\":\"\u00c9v\u00e9nements - Restaurant Chez Harry Soir\u00e9e grecque\",\"isPartOf\":{\"@id\":\"https:\\\/\\\/chezharry.com\\\/#website\"},\"primaryImageOfPage\":{\"@id\":\"https:\\\/\\\/chezharry.com\\\/evenements\\\/#primaryimage\"},\"image\":{\"@id\":\"https:\\\/\\\/chezharry.com\\\/evenements\\\/#primaryimage\"},\"thumbnailUrl\":\"https:\\\/\\\/chezharry.com\\\/wp-content\\\/uploads\\\/2025\\\/09\\\/18-oct-2025.jpg\",\"datePublished\":\"2016-04-20T14:10:04+00:00\",\"dateModified\":\"2025-09-12T22:32:09+00:00\",\"description\":\"Le Restaurant Chez Harry vous invite le SAMEDI 18 octobre 2025 \u00e0 sa SOIR\u00c9E GRECQUE La soir\u00e9e la plus festive en ville, o\u00f9 la nourriture, la musique, la danse et la chaleur grecque seront \u00e0 l\u2019honneur. Menu sp\u00e9cial - prix de pr\u00e9sence\",\"breadcrumb\":{\"@id\":\"https:\\\/\\\/chezharry.com\\\/evenements\\\/#breadcrumb\"},\"inLanguage\":\"en-US\",\"potentialAction\":[{\"@type\":\"ReadAction\",\"target\":[\"https:\\\/\\\/chezharry.com\\\/evenements\\\/\"]}]},{\"@type\":\"ImageObject\",\"inLanguage\":\"en-US\",\"@id\":\"https:\\\/\\\/chezharry.com\\\/evenements\\\/#primaryimage\",\"url\":\"https:\\\/\\\/chezharry.com\\\/wp-content\\\/uploads\\\/2025\\\/09\\\/18-oct-2025.jpg\",\"contentUrl\":\"https:\\\/\\\/chezharry.com\\\/wp-content\\\/uploads\\\/2025\\\/09\\\/18-oct-2025.jpg\",\"width\":1024,\"height\":1024},{\"@type\":\"BreadcrumbList\",\"@id\":\"https:\\\/\\\/chezharry.com\\\/evenements\\\/#breadcrumb\",\"itemListElement\":[{\"@type\":\"ListItem\",\"position\":1,\"name\":\"Accueil\",\"item\":\"https:\\\/\\\/chezharry.com\\\/\"},{\"@type\":\"ListItem\",\"position\":2,\"name\":\"\u00c9v\u00e9nements\"}]},{\"@type\":\"WebSite\",\"@id\":\"https:\\\/\\\/chezharry.com\\\/#website\",\"url\":\"https:\\\/\\\/chezharry.com\\\/\",\"name\":\"Restaurant Chez Harry\",\"description\":\"\u00a0\u00a0\u00a0Un amour de resto !\",\"publisher\":{\"@id\":\"https:\\\/\\\/chezharry.com\\\/#organization\"},\"alternateName\":\"Restaurant Chez Harry - Quebec\",\"potentialAction\":[{\"@type\":\"SearchAction\",\"target\":{\"@type\":\"EntryPoint\",\"urlTemplate\":\"https:\\\/\\\/chezharry.com\\\/?s={search_term_string}\"},\"query-input\":{\"@type\":\"PropertyValueSpecification\",\"valueRequired\":true,\"valueName\":\"search_term_string\"}}],\"inLanguage\":\"en-US\"},{\"@type\":\"Organization\",\"@id\":\"https:\\\/\\\/chezharry.com\\\/#organization\",\"name\":\"Restaurant Chez Harry\",\"alternateName\":\"Restaurant Chez Harry - Quebec\",\"url\":\"https:\\\/\\\/chezharry.com\\\/\",\"logo\":{\"@type\":\"ImageObject\",\"inLanguage\":\"en-US\",\"@id\":\"https:\\\/\\\/chezharry.com\\\/#\\\/schema\\\/logo\\\/image\\\/\",\"url\":\"https:\\\/\\\/chezharry.com\\\/wp-content\\\/uploads\\\/2023\\\/10\\\/Chez-Harry-logo-arrondi-480.png\",\"contentUrl\":\"https:\\\/\\\/chezharry.com\\\/wp-content\\\/uploads\\\/2023\\\/10\\\/Chez-Harry-logo-arrondi-480.png\",\"width\":480,\"height\":621,\"caption\":\"Restaurant Chez Harry\"},\"image\":{\"@id\":\"https:\\\/\\\/chezharry.com\\\/#\\\/schema\\\/logo\\\/image\\\/\"},\"sameAs\":[\"https:\\\/\\\/fr-ca.facebook.com\\\/RestaurantChezHarry\",\"https:\\\/\\\/www.instagram.com\\\/restaurant_chezharry\\\/\",\"https:\\\/\\\/www.tiktok.com\\\/@restochezharry\"]}]}<\/script>\n<!-- \/ Yoast SEO plugin. -->","yoast_head_json":{"title":"\u00c9v\u00e9nements - Restaurant Chez Harry Soir\u00e9e grecque","description":"Le Restaurant Chez Harry vous invite le SAMEDI 18 octobre 2025 \u00e0 sa SOIR\u00c9E GRECQUE La soir\u00e9e la plus festive en ville, o\u00f9 la nourriture, la musique, la danse et la chaleur grecque seront \u00e0 l\u2019honneur. Menu sp\u00e9cial - prix de pr\u00e9sence","robots":{"index":"index","follow":"follow","max-snippet":"max-snippet:-1","max-image-preview":"max-image-preview:large","max-video-preview":"max-video-preview:-1"},"canonical":"https:\/\/chezharry.com\/en\/evenements\/","og_locale":"en_US","og_type":"article","og_title":"\u00c9v\u00e9nements - Restaurant Chez Harry Soir\u00e9e grecque","og_description":"Le Restaurant Chez Harry vous invite le SAMEDI 18 octobre 2025 \u00e0 sa SOIR\u00c9E GRECQUE La soir\u00e9e la plus festive en ville, o\u00f9 la nourriture, la musique, la danse et la chaleur grecque seront \u00e0 l\u2019honneur. Menu sp\u00e9cial - prix de pr\u00e9sence","og_url":"https:\/\/chezharry.com\/en\/evenements\/","og_site_name":"Restaurant Chez Harry","article_publisher":"https:\/\/fr-ca.facebook.com\/RestaurantChezHarry","article_modified_time":"2025-09-12T22:32:09+00:00","og_image":[{"width":1024,"height":1024,"url":"https:\/\/chezharry.com\/wp-content\/uploads\/2025\/09\/18-oct-2025.jpg","type":"image\/jpeg"}],"twitter_card":"summary_large_image","twitter_misc":{"Est. reading time":"1 minute"},"schema":{"@context":"https:\/\/schema.org","@graph":[{"@type":"WebPage","@id":"https:\/\/chezharry.com\/evenements\/","url":"https:\/\/chezharry.com\/evenements\/","name":"\u00c9v\u00e9nements - Restaurant Chez Harry Soir\u00e9e grecque","isPartOf":{"@id":"https:\/\/chezharry.com\/#website"},"primaryImageOfPage":{"@id":"https:\/\/chezharry.com\/evenements\/#primaryimage"},"image":{"@id":"https:\/\/chezharry.com\/evenements\/#primaryimage"},"thumbnailUrl":"https:\/\/chezharry.com\/wp-content\/uploads\/2025\/09\/18-oct-2025.jpg","datePublished":"2016-04-20T14:10:04+00:00","dateModified":"2025-09-12T22:32:09+00:00","description":"Le Restaurant Chez Harry vous invite le SAMEDI 18 octobre 2025 \u00e0 sa SOIR\u00c9E GRECQUE La soir\u00e9e la plus festive en ville, o\u00f9 la nourriture, la musique, la danse et la chaleur grecque seront \u00e0 l\u2019honneur. Menu sp\u00e9cial - prix de pr\u00e9sence","breadcrumb":{"@id":"https:\/\/chezharry.com\/evenements\/#breadcrumb"},"inLanguage":"en-US","potentialAction":[{"@type":"ReadAction","target":["https:\/\/chezharry.com\/evenements\/"]}]},{"@type":"ImageObject","inLanguage":"en-US","@id":"https:\/\/chezharry.com\/evenements\/#primaryimage","url":"https:\/\/chezharry.com\/wp-content\/uploads\/2025\/09\/18-oct-2025.jpg","contentUrl":"https:\/\/chezharry.com\/wp-content\/uploads\/2025\/09\/18-oct-2025.jpg","width":1024,"height":1024},{"@type":"BreadcrumbList","@id":"https:\/\/chezharry.com\/evenements\/#breadcrumb","itemListElement":[{"@type":"ListItem","position":1,"name":"Accueil","item":"https:\/\/chezharry.com\/"},{"@type":"ListItem","position":2,"name":"\u00c9v\u00e9nements"}]},{"@type":"WebSite","@id":"https:\/\/chezharry.com\/#website","url":"https:\/\/chezharry.com\/","name":"Restaurant Chez Harry","description":"\u00a0\u00a0\u00a0A love of a restaurant!","publisher":{"@id":"https:\/\/chezharry.com\/#organization"},"alternateName":"Restaurant Chez Harry - Quebec","potentialAction":[{"@type":"SearchAction","target":{"@type":"EntryPoint","urlTemplate":"https:\/\/chezharry.com\/?s={search_term_string}"},"query-input":{"@type":"PropertyValueSpecification","valueRequired":true,"valueName":"search_term_string"}}],"inLanguage":"en-US"},{"@type":"Organization","@id":"https:\/\/chezharry.com\/#organization","name":"Restaurant Chez Harry","alternateName":"Restaurant Chez Harry - Quebec","url":"https:\/\/chezharry.com\/","logo":{"@type":"ImageObject","inLanguage":"en-US","@id":"https:\/\/chezharry.com\/#\/schema\/logo\/image\/","url":"https:\/\/chezharry.com\/wp-content\/uploads\/2023\/10\/Chez-Harry-logo-arrondi-480.png","contentUrl":"https:\/\/chezharry.com\/wp-content\/uploads\/2023\/10\/Chez-Harry-logo-arrondi-480.png","width":480,"height":621,"caption":"Restaurant Chez Harry"},"image":{"@id":"https:\/\/chezharry.com\/#\/schema\/logo\/image\/"},"sameAs":["https:\/\/fr-ca.facebook.com\/RestaurantChezHarry","https:\/\/www.instagram.com\/restaurant_chezharry\/","https:\/\/www.tiktok.com\/@restochezharry"]}]}},"_links":{"self":[{"href":"https:\/\/chezharry.com\/en\/wp-json\/wp\/v2\/pages\/37","targetHints":{"allow":["GET"]}}],"collection":[{"href":"https:\/\/chezharry.com\/en\/wp-json\/wp\/v2\/pages"}],"about":[{"href":"https:\/\/chezharry.com\/en\/wp-json\/wp\/v2\/types\/page"}],"author":[{"embeddable":true,"href":"https:\/\/chezharry.com\/en\/wp-json\/wp\/v2\/users\/1"}],"replies":[{"embeddable":true,"href":"https:\/\/chezharry.com\/en\/wp-json\/wp\/v2\/comments?post=37"}],"version-history":[{"count":7,"href":"https:\/\/chezharry.com\/en\/wp-json\/wp\/v2\/pages\/37\/revisions"}],"predecessor-version":[{"id":25283,"href":"https:\/\/chezharry.com\/en\/wp-json\/wp\/v2\/pages\/37\/revisions\/25283"}],"wp:featuredmedia":[{"embeddable":true,"href":"https:\/\/chezharry.com\/en\/wp-json\/wp\/v2\/media\/25277"}],"wp:attachment":[{"href":"https:\/\/chezharry.com\/en\/wp-json\/wp\/v2\/media?parent=37"}],"curies":[{"name":"wp","href":"https:\/\/api.w.org\/{rel}","templated":true}]}}