{"id":31,"date":"2016-04-20T10:09:32","date_gmt":"2016-04-20T14:09:32","guid":{"rendered":"http:\/\/demo.wpzoom.com\/delicio\/?page_id=31"},"modified":"2025-09-13T14:24:18","modified_gmt":"2025-09-13T18:24:18","slug":"accueil","status":"publish","type":"page","link":"https:\/\/chezharry.com\/en\/","title":{"rendered":"Welcome"},"content":{"rendered":"<h2>WELCOME!<\/h2>\n<h4><em>at Restaurant Chez Harry<\/em><\/h4>\n\t\t\t<a href=\"https:\/\/chezharry.com\/en\/reservations\/\" target=\"_self\">\n\t\t\t\t\t\t\tRESERVATIONS\n\t\t\t\t\t<\/a>\n\t\t\t<a href=\"https:\/\/chezharry.com\/en\/apropos\/\" target=\"_self\">\n\t\t\t\t\t\t\tAbout the restaurant\n\t\t\t\t\t<\/a>\n\t<h2><a href=\"https:\/\/chezharry.com\/en\/speciaux\/\">Our specials<\/a><\/h2>\n\n\t\t\t\t<a href=\"https:\/\/chezharry.com\/wp-content\/uploads\/2025\/06\/menu_harry-2025-mai-NP-speciaux_01.jpg\"  target=\"_self\" itemprop=\"url\">\n\t\t\t\t<img decoding=\"async\" src=\"https:\/\/chezharry.com\/wp-content\/uploads\/2025\/06\/menu_harry-2025-mai-NP-speciaux_01-1000x1294.jpg\" alt=\"menu_harry 2025 mai NP speciaux_01\" itemprop=\"image\" height=\"1255\" width=\"970\" title=\"menu_harry 2025 mai NP speciaux_01\" onerror=\"this.style.display='none'\" loading=\"lazy\" \/>\n\t\t\t\t<\/a>\n\t<ul>\n\t\t\t\t<li>\n\t\t\t\t\t\t\t<img decoding=\"async\" src=\"https:\/\/chezharry.com\/wp-content\/uploads\/2024\/12\/AlEmmaRox-600.jpg\" \/>\n\t\t\t\t\t\t\t<h4>\n\t\t\t\t\tOur WARM welcome\n\t\t\t\t<\/h4>\n\t\t\t\t\t<\/li>\n\t\t\t\t<li>\n\t\t\t\t\t\t\t<img decoding=\"async\" src=\"https:\/\/chezharry.com\/wp-content\/uploads\/2024\/07\/salade-grecque-600.jpg\" \/>\n\t\t\t\t\t\t\t<h4>\n\t\t\t\t\tOur HEALTHY AND TASTY cuisine\n\t\t\t\t<\/h4>\n\t\t\t\t\t<\/li>\n\t\t\t\t<li>\n\t\t\t\t\t\t\t<img decoding=\"async\" src=\"https:\/\/chezharry.com\/wp-content\/uploads\/2024\/07\/facade600.jpg\" \/>\n\t\t\t\t\t\t\t<h4>\n\t\t\t\t\tNear you SINCE 1974\n\t\t\t\t<\/h4>\n\t\t\t\t\t<\/li>\n\t\t\t<\/ul>\n\t<h3>RESERVATIONS<\/h3>\n<p>Pour des r\u00e9servations par t\u00e9l\u00e9phone ou pour des groupes de plus de 8 personnes s&rsquo;il vous pla\u00eet appelez au <strong>(418) 628-6187<\/strong> from <strong>Wednesday to Sunday between 8:00 am and 9:00 pm<\/strong><\/p>\n<h3><a role=\"button\" href=\"https:\/\/chezharry.com\/en\/reservations\/\" target=\"_self\" rel=\"noopener\"><br \/>\nBook a table<\/a><\/h3>\n\t<h3>Find us<\/h3>\n<p><em>1190 Boul. Louis-XIV, Qu\u00e9bec, G1H 6P2<\/em><\/p>\n\n\t<iframe src=\"https:\/\/www.google.com\/maps\/embed\/v1\/place?key=AIzaSyD09zQ9PNDNNy9TadMuzRV_UsPUoWKntt8&#038;q=1190+Boul.+Louis-XIV%2C+Qu%C3%A9bec%2C+G1H+6P2\"><\/iframe>","protected":false},"excerpt":{"rendered":"<p>BIENVENUE! au Restaurant Chez Harry R\u00c9SERVATIONS A propos du resto Nos sp\u00e9ciaux Notre accueil CHALEUREUX Notre cuisine SAINE ET SAVOUREUSE Pr\u00e8s de chez vous DEPUIS 1974 RESERVATIONS Pour des r\u00e9servations par t\u00e9l\u00e9phone ou pour des groupes de plus de 8 personnes s&rsquo;il vous pla\u00eet appelez au (418) 628-6187 du Mercredi [&hellip;]<\/p>\n","protected":false},"author":1,"featured_media":0,"parent":0,"menu_order":0,"comment_status":"closed","ping_status":"closed","template":"page-templates\/homepage-bb.php","meta":{"footnotes":""},"class_list":["post-31","page","type-page","status-publish","hentry"],"yoast_head":"<!-- This site is optimized with the Yoast SEO plugin v27.3 - https:\/\/yoast.com\/product\/yoast-seo-wordpress\/ -->\n<title>Accueil - Restaurant Chez Harry<\/title>\n<meta name=\"description\" content=\"Le Restaurant Chez Harry propose une cuisine grecque r\u00e9confortante depuis 1974. La r\u00e9f\u00e9rence en mati\u00e8re de bonne cuisine \u00e0 Qu\u00e9bec.\" \/>\n<meta name=\"robots\" content=\"index, follow, max-snippet:-1, max-image-preview:large, max-video-preview:-1\" \/>\n<link rel=\"canonical\" href=\"https:\/\/chezharry.com\/en\/\" \/>\n<meta property=\"og:locale\" content=\"en_US\" \/>\n<meta property=\"og:type\" content=\"article\" \/>\n<meta property=\"og:title\" content=\"Accueil - Restaurant Chez Harry\" \/>\n<meta property=\"og:description\" content=\"Le Restaurant Chez Harry propose une cuisine grecque r\u00e9confortante depuis 1974. La r\u00e9f\u00e9rence en mati\u00e8re de bonne cuisine \u00e0 Qu\u00e9bec.\" \/>\n<meta property=\"og:url\" content=\"https:\/\/chezharry.com\/en\/\" \/>\n<meta property=\"og:site_name\" content=\"Restaurant Chez Harry\" \/>\n<meta property=\"article:publisher\" content=\"https:\/\/fr-ca.facebook.com\/RestaurantChezHarry\" \/>\n<meta property=\"article:modified_time\" content=\"2025-09-13T18:24:18+00:00\" \/>\n<meta property=\"og:image\" content=\"https:\/\/chezharry.com\/wp-content\/uploads\/2025\/06\/menu_harry-2025-mai-NP-speciaux_01-1000x1294.jpg\" \/>\n<meta name=\"twitter:card\" content=\"summary_large_image\" \/>\n<meta name=\"twitter:label1\" content=\"Est. reading time\" \/>\n\t<meta name=\"twitter:data1\" content=\"2 minutes\" \/>\n<script type=\"application\/ld+json\" class=\"yoast-schema-graph\">{\"@context\":\"https:\\\/\\\/schema.org\",\"@graph\":[{\"@type\":\"WebPage\",\"@id\":\"https:\\\/\\\/chezharry.com\\\/\",\"url\":\"https:\\\/\\\/chezharry.com\\\/\",\"name\":\"Accueil - Restaurant Chez Harry\",\"isPartOf\":{\"@id\":\"https:\\\/\\\/chezharry.com\\\/#website\"},\"primaryImageOfPage\":{\"@id\":\"https:\\\/\\\/chezharry.com\\\/#primaryimage\"},\"image\":{\"@id\":\"https:\\\/\\\/chezharry.com\\\/#primaryimage\"},\"thumbnailUrl\":\"https:\\\/\\\/chezharry.com\\\/wp-content\\\/uploads\\\/2025\\\/06\\\/menu_harry-2025-mai-NP-speciaux_01-1000x1294.jpg\",\"datePublished\":\"2016-04-20T14:09:32+00:00\",\"dateModified\":\"2025-09-13T18:24:18+00:00\",\"description\":\"Le Restaurant Chez Harry propose une cuisine grecque r\u00e9confortante depuis 1974. La r\u00e9f\u00e9rence en mati\u00e8re de bonne cuisine \u00e0 Qu\u00e9bec.\",\"breadcrumb\":{\"@id\":\"https:\\\/\\\/chezharry.com\\\/#breadcrumb\"},\"inLanguage\":\"en-US\",\"potentialAction\":[{\"@type\":\"ReadAction\",\"target\":[\"https:\\\/\\\/chezharry.com\\\/\"]}]},{\"@type\":\"ImageObject\",\"inLanguage\":\"en-US\",\"@id\":\"https:\\\/\\\/chezharry.com\\\/#primaryimage\",\"url\":\"https:\\\/\\\/chezharry.com\\\/wp-content\\\/uploads\\\/2025\\\/06\\\/menu_harry-2025-mai-NP-speciaux_01-1000x1294.jpg\",\"contentUrl\":\"https:\\\/\\\/chezharry.com\\\/wp-content\\\/uploads\\\/2025\\\/06\\\/menu_harry-2025-mai-NP-speciaux_01-1000x1294.jpg\"},{\"@type\":\"BreadcrumbList\",\"@id\":\"https:\\\/\\\/chezharry.com\\\/#breadcrumb\",\"itemListElement\":[{\"@type\":\"ListItem\",\"position\":1,\"name\":\"Accueil\",\"item\":\"https:\\\/\\\/chezharry.com\\\/\"},{\"@type\":\"ListItem\",\"position\":2,\"name\":\"Accueil\"}]},{\"@type\":\"WebSite\",\"@id\":\"https:\\\/\\\/chezharry.com\\\/#website\",\"url\":\"https:\\\/\\\/chezharry.com\\\/\",\"name\":\"Restaurant Chez Harry\",\"description\":\"\u00a0\u00a0\u00a0Un amour de resto !\",\"publisher\":{\"@id\":\"https:\\\/\\\/chezharry.com\\\/#organization\"},\"alternateName\":\"Restaurant Chez Harry - Quebec\",\"potentialAction\":[{\"@type\":\"SearchAction\",\"target\":{\"@type\":\"EntryPoint\",\"urlTemplate\":\"https:\\\/\\\/chezharry.com\\\/?s={search_term_string}\"},\"query-input\":{\"@type\":\"PropertyValueSpecification\",\"valueRequired\":true,\"valueName\":\"search_term_string\"}}],\"inLanguage\":\"en-US\"},{\"@type\":\"Organization\",\"@id\":\"https:\\\/\\\/chezharry.com\\\/#organization\",\"name\":\"Restaurant Chez Harry\",\"alternateName\":\"Restaurant Chez Harry - Quebec\",\"url\":\"https:\\\/\\\/chezharry.com\\\/\",\"logo\":{\"@type\":\"ImageObject\",\"inLanguage\":\"en-US\",\"@id\":\"https:\\\/\\\/chezharry.com\\\/#\\\/schema\\\/logo\\\/image\\\/\",\"url\":\"https:\\\/\\\/chezharry.com\\\/wp-content\\\/uploads\\\/2023\\\/10\\\/Chez-Harry-logo-arrondi-480.png\",\"contentUrl\":\"https:\\\/\\\/chezharry.com\\\/wp-content\\\/uploads\\\/2023\\\/10\\\/Chez-Harry-logo-arrondi-480.png\",\"width\":480,\"height\":621,\"caption\":\"Restaurant Chez Harry\"},\"image\":{\"@id\":\"https:\\\/\\\/chezharry.com\\\/#\\\/schema\\\/logo\\\/image\\\/\"},\"sameAs\":[\"https:\\\/\\\/fr-ca.facebook.com\\\/RestaurantChezHarry\",\"https:\\\/\\\/www.instagram.com\\\/restaurant_chezharry\\\/\",\"https:\\\/\\\/www.tiktok.com\\\/@restochezharry\"]}]}<\/script>\n<!-- \/ Yoast SEO plugin. -->","yoast_head_json":{"title":"Accueil - Restaurant Chez Harry","description":"Le Restaurant Chez Harry propose une cuisine grecque r\u00e9confortante depuis 1974. La r\u00e9f\u00e9rence en mati\u00e8re de bonne cuisine \u00e0 Qu\u00e9bec.","robots":{"index":"index","follow":"follow","max-snippet":"max-snippet:-1","max-image-preview":"max-image-preview:large","max-video-preview":"max-video-preview:-1"},"canonical":"https:\/\/chezharry.com\/en\/","og_locale":"en_US","og_type":"article","og_title":"Accueil - Restaurant Chez Harry","og_description":"Le Restaurant Chez Harry propose une cuisine grecque r\u00e9confortante depuis 1974. La r\u00e9f\u00e9rence en mati\u00e8re de bonne cuisine \u00e0 Qu\u00e9bec.","og_url":"https:\/\/chezharry.com\/en\/","og_site_name":"Restaurant Chez Harry","article_publisher":"https:\/\/fr-ca.facebook.com\/RestaurantChezHarry","article_modified_time":"2025-09-13T18:24:18+00:00","og_image":[{"url":"https:\/\/chezharry.com\/wp-content\/uploads\/2025\/06\/menu_harry-2025-mai-NP-speciaux_01-1000x1294.jpg","type":"","width":"","height":""}],"twitter_card":"summary_large_image","twitter_misc":{"Est. reading time":"2 minutes"},"schema":{"@context":"https:\/\/schema.org","@graph":[{"@type":"WebPage","@id":"https:\/\/chezharry.com\/","url":"https:\/\/chezharry.com\/","name":"Accueil - Restaurant Chez Harry","isPartOf":{"@id":"https:\/\/chezharry.com\/#website"},"primaryImageOfPage":{"@id":"https:\/\/chezharry.com\/#primaryimage"},"image":{"@id":"https:\/\/chezharry.com\/#primaryimage"},"thumbnailUrl":"https:\/\/chezharry.com\/wp-content\/uploads\/2025\/06\/menu_harry-2025-mai-NP-speciaux_01-1000x1294.jpg","datePublished":"2016-04-20T14:09:32+00:00","dateModified":"2025-09-13T18:24:18+00:00","description":"Le Restaurant Chez Harry propose une cuisine grecque r\u00e9confortante depuis 1974. La r\u00e9f\u00e9rence en mati\u00e8re de bonne cuisine \u00e0 Qu\u00e9bec.","breadcrumb":{"@id":"https:\/\/chezharry.com\/#breadcrumb"},"inLanguage":"en-US","potentialAction":[{"@type":"ReadAction","target":["https:\/\/chezharry.com\/"]}]},{"@type":"ImageObject","inLanguage":"en-US","@id":"https:\/\/chezharry.com\/#primaryimage","url":"https:\/\/chezharry.com\/wp-content\/uploads\/2025\/06\/menu_harry-2025-mai-NP-speciaux_01-1000x1294.jpg","contentUrl":"https:\/\/chezharry.com\/wp-content\/uploads\/2025\/06\/menu_harry-2025-mai-NP-speciaux_01-1000x1294.jpg"},{"@type":"BreadcrumbList","@id":"https:\/\/chezharry.com\/#breadcrumb","itemListElement":[{"@type":"ListItem","position":1,"name":"Accueil","item":"https:\/\/chezharry.com\/"},{"@type":"ListItem","position":2,"name":"Accueil"}]},{"@type":"WebSite","@id":"https:\/\/chezharry.com\/#website","url":"https:\/\/chezharry.com\/","name":"Restaurant Chez Harry","description":"\u00a0\u00a0\u00a0A love of a restaurant!","publisher":{"@id":"https:\/\/chezharry.com\/#organization"},"alternateName":"Restaurant Chez Harry - Quebec","potentialAction":[{"@type":"SearchAction","target":{"@type":"EntryPoint","urlTemplate":"https:\/\/chezharry.com\/?s={search_term_string}"},"query-input":{"@type":"PropertyValueSpecification","valueRequired":true,"valueName":"search_term_string"}}],"inLanguage":"en-US"},{"@type":"Organization","@id":"https:\/\/chezharry.com\/#organization","name":"Restaurant Chez Harry","alternateName":"Restaurant Chez Harry - Quebec","url":"https:\/\/chezharry.com\/","logo":{"@type":"ImageObject","inLanguage":"en-US","@id":"https:\/\/chezharry.com\/#\/schema\/logo\/image\/","url":"https:\/\/chezharry.com\/wp-content\/uploads\/2023\/10\/Chez-Harry-logo-arrondi-480.png","contentUrl":"https:\/\/chezharry.com\/wp-content\/uploads\/2023\/10\/Chez-Harry-logo-arrondi-480.png","width":480,"height":621,"caption":"Restaurant Chez Harry"},"image":{"@id":"https:\/\/chezharry.com\/#\/schema\/logo\/image\/"},"sameAs":["https:\/\/fr-ca.facebook.com\/RestaurantChezHarry","https:\/\/www.instagram.com\/restaurant_chezharry\/","https:\/\/www.tiktok.com\/@restochezharry"]}]}},"_links":{"self":[{"href":"https:\/\/chezharry.com\/en\/wp-json\/wp\/v2\/pages\/31","targetHints":{"allow":["GET"]}}],"collection":[{"href":"https:\/\/chezharry.com\/en\/wp-json\/wp\/v2\/pages"}],"about":[{"href":"https:\/\/chezharry.com\/en\/wp-json\/wp\/v2\/types\/page"}],"author":[{"embeddable":true,"href":"https:\/\/chezharry.com\/en\/wp-json\/wp\/v2\/users\/1"}],"replies":[{"embeddable":true,"href":"https:\/\/chezharry.com\/en\/wp-json\/wp\/v2\/comments?post=31"}],"version-history":[{"count":15,"href":"https:\/\/chezharry.com\/en\/wp-json\/wp\/v2\/pages\/31\/revisions"}],"predecessor-version":[{"id":25289,"href":"https:\/\/chezharry.com\/en\/wp-json\/wp\/v2\/pages\/31\/revisions\/25289"}],"wp:attachment":[{"href":"https:\/\/chezharry.com\/en\/wp-json\/wp\/v2\/media?parent=31"}],"curies":[{"name":"wp","href":"https:\/\/api.w.org\/{rel}","templated":true}]}}