{"id":18,"date":"2016-04-20T09:19:56","date_gmt":"2016-04-20T13:19:56","guid":{"rendered":"http:\/\/demo.wpzoom.com\/delicio\/?page_id=18"},"modified":"2025-06-07T18:55:05","modified_gmt":"2025-06-07T22:55:05","slug":"menu","status":"publish","type":"page","link":"https:\/\/chezharry.com\/en\/menu\/","title":{"rendered":"Menu"},"content":{"rendered":"<ul>\r\n\t\t\t\t<li>\r\n\t\t\t\t\t\t\t<a href=\"https:\/\/www.chezharry.com\/wp-content\/uploads\/2024\/02\/menu_dejeuner.pdf\" title=\"BREAKFAST\" target=\"_self\">\r\n\t\t\t\t\t\t\t<img decoding=\"async\" src=\"https:\/\/www.chezharry.com\/wp-content\/uploads\/2019\/01\/D\u00e9jeuner-83x55.jpg\" \/>\r\n\t\t\t\t\t\t\t<h4>\r\n\t\t\t\t\tBREAKFAST\r\n\t\t\t\t<\/h4>\r\n\t\t\t\t\t\t\t<\/a>\r\n\t\t\t\t\t<\/li>\r\n\t\t\t\t<li>\r\n\t\t\t\t\t\t\t<a href=\"https:\/\/chezharry.com\/wp-content\/uploads\/2025\/06\/menu_harry-2025-mai-NP.pdf\" title=\"A LA CARTE\" target=\"_self\">\r\n\t\t\t\t\t\t\t<img decoding=\"async\" src=\"https:\/\/www.chezharry.com\/wp-content\/uploads\/2018\/07\/cuisine-55x55.jpg\" \/>\r\n\t\t\t\t\t\t\t<h4>\r\n\t\t\t\t\tA LA CARTE\r\n\t\t\t\t<\/h4>\r\n\t\t\t\t\t\t\t<\/a>\r\n\t\t\t\t\t<\/li>\r\n\t\t\t\t<li>\r\n\t\t\t\t\t\t\t<a href=\"https:\/\/chezharry.com\/en\/speciaux\/\" title=\"SPECIALS\" target=\"_self\">\r\n\t\t\t\t\t\t\t<img decoding=\"async\" src=\"https:\/\/www.chezharry.com\/wp-content\/uploads\/2018\/07\/cotellettes-3-87x55.jpg\" \/>\r\n\t\t\t\t\t\t\t<h4>\r\n\t\t\t\t\tSPECIALS\r\n\t\t\t\t<\/h4>\r\n\t\t\t\t\t\t\t<\/a>\r\n\t\t\t\t\t<\/li>\r\n\t\t\t\t<li>\r\n\t\t\t\t\t\t\t<a href=\"https:\/\/www.chezharry.com\/wp-content\/uploads\/2024\/02\/Carte-des-vins.pdf\" title=\"WINE LIST\" target=\"_self\">\r\n\t\t\t\t\t\t\t<img decoding=\"async\" src=\"https:\/\/www.chezharry.com\/wp-content\/uploads\/2018\/07\/vin-3-83x55.jpg\" \/>\r\n\t\t\t\t\t\t\t<h4>\r\n\t\t\t\t\tWINE LIST\r\n\t\t\t\t<\/h4>\r\n\t\t\t\t\t\t\t<\/a>\r\n\t\t\t\t\t<\/li>\r\n\t\t\t<\/ul>","protected":false},"excerpt":{"rendered":"<p>D\u00c9JEUNERS \u00c0 LA CARTE SP\u00c9CIAUX CARTE DES VINS<\/p>","protected":false},"author":1,"featured_media":54,"parent":0,"menu_order":0,"comment_status":"closed","ping_status":"closed","template":"page-templates\/full-width-bb.php","meta":{"footnotes":""},"class_list":["post-18","page","type-page","status-publish","has-post-thumbnail","hentry"],"yoast_head":"<!-- This site is optimized with the Yoast SEO plugin v27.4 - https:\/\/yoast.com\/product\/yoast-seo-wordpress\/ -->\n<title>Menu - Restaurant Chez Harry<\/title>\n<meta name=\"description\" content=\"Notre menu de d\u00e9jeuner, \u00e0 la carte, table d&#039;h\u00f4te, nos sp\u00e9ciaux ainsi que notre carte des vins.\" \/>\n<meta name=\"robots\" content=\"index, follow, max-snippet:-1, max-image-preview:large, max-video-preview:-1\" \/>\n<link rel=\"canonical\" href=\"https:\/\/chezharry.com\/en\/menu\/\" \/>\n<meta property=\"og:locale\" content=\"en_US\" \/>\n<meta property=\"og:type\" content=\"article\" \/>\n<meta property=\"og:title\" content=\"Menu - Restaurant Chez Harry\" \/>\n<meta property=\"og:description\" content=\"Notre menu de d\u00e9jeuner, \u00e0 la carte, table d&#039;h\u00f4te, nos sp\u00e9ciaux ainsi que notre carte des vins.\" \/>\n<meta property=\"og:url\" content=\"https:\/\/chezharry.com\/en\/menu\/\" \/>\n<meta property=\"og:site_name\" content=\"Restaurant Chez Harry\" \/>\n<meta property=\"article:publisher\" content=\"https:\/\/fr-ca.facebook.com\/RestaurantChezHarry\" \/>\n<meta property=\"article:modified_time\" content=\"2025-06-07T22:55:05+00:00\" \/>\n<meta property=\"og:image\" content=\"https:\/\/chezharry.com\/wp-content\/uploads\/2016\/04\/photo-1414235077428-338989a2e8c0-2-e1719599684200.jpg\" \/>\n\t<meta property=\"og:image:width\" content=\"1024\" \/>\n\t<meta property=\"og:image:height\" content=\"682\" \/>\n\t<meta property=\"og:image:type\" content=\"image\/jpeg\" \/>\n<meta name=\"twitter:card\" content=\"summary_large_image\" \/>\n<meta name=\"twitter:label1\" content=\"Est. reading time\" \/>\n\t<meta name=\"twitter:data1\" content=\"1 minute\" \/>\n<script type=\"application\/ld+json\" class=\"yoast-schema-graph\">{\"@context\":\"https:\\\/\\\/schema.org\",\"@graph\":[{\"@type\":\"WebPage\",\"@id\":\"https:\\\/\\\/chezharry.com\\\/menu\\\/\",\"url\":\"https:\\\/\\\/chezharry.com\\\/menu\\\/\",\"name\":\"Menu - Restaurant Chez Harry\",\"isPartOf\":{\"@id\":\"https:\\\/\\\/chezharry.com\\\/#website\"},\"primaryImageOfPage\":{\"@id\":\"https:\\\/\\\/chezharry.com\\\/menu\\\/#primaryimage\"},\"image\":{\"@id\":\"https:\\\/\\\/chezharry.com\\\/menu\\\/#primaryimage\"},\"thumbnailUrl\":\"https:\\\/\\\/chezharry.com\\\/wp-content\\\/uploads\\\/2016\\\/04\\\/photo-1414235077428-338989a2e8c0-2-e1719599684200.jpg\",\"datePublished\":\"2016-04-20T13:19:56+00:00\",\"dateModified\":\"2025-06-07T22:55:05+00:00\",\"description\":\"Notre menu de d\u00e9jeuner, \u00e0 la carte, table d'h\u00f4te, nos sp\u00e9ciaux ainsi que notre carte des vins.\",\"breadcrumb\":{\"@id\":\"https:\\\/\\\/chezharry.com\\\/menu\\\/#breadcrumb\"},\"inLanguage\":\"en-US\",\"potentialAction\":[{\"@type\":\"ReadAction\",\"target\":[\"https:\\\/\\\/chezharry.com\\\/menu\\\/\"]}]},{\"@type\":\"ImageObject\",\"inLanguage\":\"en-US\",\"@id\":\"https:\\\/\\\/chezharry.com\\\/menu\\\/#primaryimage\",\"url\":\"https:\\\/\\\/chezharry.com\\\/wp-content\\\/uploads\\\/2016\\\/04\\\/photo-1414235077428-338989a2e8c0-2-e1719599684200.jpg\",\"contentUrl\":\"https:\\\/\\\/chezharry.com\\\/wp-content\\\/uploads\\\/2016\\\/04\\\/photo-1414235077428-338989a2e8c0-2-e1719599684200.jpg\",\"width\":1024,\"height\":682},{\"@type\":\"BreadcrumbList\",\"@id\":\"https:\\\/\\\/chezharry.com\\\/menu\\\/#breadcrumb\",\"itemListElement\":[{\"@type\":\"ListItem\",\"position\":1,\"name\":\"Accueil\",\"item\":\"https:\\\/\\\/chezharry.com\\\/\"},{\"@type\":\"ListItem\",\"position\":2,\"name\":\"Menu\"}]},{\"@type\":\"WebSite\",\"@id\":\"https:\\\/\\\/chezharry.com\\\/#website\",\"url\":\"https:\\\/\\\/chezharry.com\\\/\",\"name\":\"Restaurant Chez Harry\",\"description\":\"\u00a0\u00a0\u00a0Un amour de resto !\",\"publisher\":{\"@id\":\"https:\\\/\\\/chezharry.com\\\/#organization\"},\"alternateName\":\"Restaurant Chez Harry - Quebec\",\"potentialAction\":[{\"@type\":\"SearchAction\",\"target\":{\"@type\":\"EntryPoint\",\"urlTemplate\":\"https:\\\/\\\/chezharry.com\\\/?s={search_term_string}\"},\"query-input\":{\"@type\":\"PropertyValueSpecification\",\"valueRequired\":true,\"valueName\":\"search_term_string\"}}],\"inLanguage\":\"en-US\"},{\"@type\":\"Organization\",\"@id\":\"https:\\\/\\\/chezharry.com\\\/#organization\",\"name\":\"Restaurant Chez Harry\",\"alternateName\":\"Restaurant Chez Harry - Quebec\",\"url\":\"https:\\\/\\\/chezharry.com\\\/\",\"logo\":{\"@type\":\"ImageObject\",\"inLanguage\":\"en-US\",\"@id\":\"https:\\\/\\\/chezharry.com\\\/#\\\/schema\\\/logo\\\/image\\\/\",\"url\":\"https:\\\/\\\/chezharry.com\\\/wp-content\\\/uploads\\\/2023\\\/10\\\/Chez-Harry-logo-arrondi-480.png\",\"contentUrl\":\"https:\\\/\\\/chezharry.com\\\/wp-content\\\/uploads\\\/2023\\\/10\\\/Chez-Harry-logo-arrondi-480.png\",\"width\":480,\"height\":621,\"caption\":\"Restaurant Chez Harry\"},\"image\":{\"@id\":\"https:\\\/\\\/chezharry.com\\\/#\\\/schema\\\/logo\\\/image\\\/\"},\"sameAs\":[\"https:\\\/\\\/fr-ca.facebook.com\\\/RestaurantChezHarry\",\"https:\\\/\\\/www.instagram.com\\\/restaurant_chezharry\\\/\",\"https:\\\/\\\/www.tiktok.com\\\/@restochezharry\"]}]}<\/script>\n<!-- \/ Yoast SEO plugin. -->","yoast_head_json":{"title":"Menu - Restaurant Chez Harry","description":"Notre menu de d\u00e9jeuner, \u00e0 la carte, table d'h\u00f4te, nos sp\u00e9ciaux ainsi que notre carte des vins.","robots":{"index":"index","follow":"follow","max-snippet":"max-snippet:-1","max-image-preview":"max-image-preview:large","max-video-preview":"max-video-preview:-1"},"canonical":"https:\/\/chezharry.com\/en\/menu\/","og_locale":"en_US","og_type":"article","og_title":"Menu - Restaurant Chez Harry","og_description":"Notre menu de d\u00e9jeuner, \u00e0 la carte, table d'h\u00f4te, nos sp\u00e9ciaux ainsi que notre carte des vins.","og_url":"https:\/\/chezharry.com\/en\/menu\/","og_site_name":"Restaurant Chez Harry","article_publisher":"https:\/\/fr-ca.facebook.com\/RestaurantChezHarry","article_modified_time":"2025-06-07T22:55:05+00:00","og_image":[{"width":1024,"height":682,"url":"https:\/\/chezharry.com\/wp-content\/uploads\/2016\/04\/photo-1414235077428-338989a2e8c0-2-e1719599684200.jpg","type":"image\/jpeg"}],"twitter_card":"summary_large_image","twitter_misc":{"Est. reading time":"1 minute"},"schema":{"@context":"https:\/\/schema.org","@graph":[{"@type":"WebPage","@id":"https:\/\/chezharry.com\/menu\/","url":"https:\/\/chezharry.com\/menu\/","name":"Menu - Restaurant Chez Harry","isPartOf":{"@id":"https:\/\/chezharry.com\/#website"},"primaryImageOfPage":{"@id":"https:\/\/chezharry.com\/menu\/#primaryimage"},"image":{"@id":"https:\/\/chezharry.com\/menu\/#primaryimage"},"thumbnailUrl":"https:\/\/chezharry.com\/wp-content\/uploads\/2016\/04\/photo-1414235077428-338989a2e8c0-2-e1719599684200.jpg","datePublished":"2016-04-20T13:19:56+00:00","dateModified":"2025-06-07T22:55:05+00:00","description":"Notre menu de d\u00e9jeuner, \u00e0 la carte, table d'h\u00f4te, nos sp\u00e9ciaux ainsi que notre carte des vins.","breadcrumb":{"@id":"https:\/\/chezharry.com\/menu\/#breadcrumb"},"inLanguage":"en-US","potentialAction":[{"@type":"ReadAction","target":["https:\/\/chezharry.com\/menu\/"]}]},{"@type":"ImageObject","inLanguage":"en-US","@id":"https:\/\/chezharry.com\/menu\/#primaryimage","url":"https:\/\/chezharry.com\/wp-content\/uploads\/2016\/04\/photo-1414235077428-338989a2e8c0-2-e1719599684200.jpg","contentUrl":"https:\/\/chezharry.com\/wp-content\/uploads\/2016\/04\/photo-1414235077428-338989a2e8c0-2-e1719599684200.jpg","width":1024,"height":682},{"@type":"BreadcrumbList","@id":"https:\/\/chezharry.com\/menu\/#breadcrumb","itemListElement":[{"@type":"ListItem","position":1,"name":"Accueil","item":"https:\/\/chezharry.com\/"},{"@type":"ListItem","position":2,"name":"Menu"}]},{"@type":"WebSite","@id":"https:\/\/chezharry.com\/#website","url":"https:\/\/chezharry.com\/","name":"Restaurant Chez Harry","description":"\u00a0\u00a0\u00a0A love of a restaurant!","publisher":{"@id":"https:\/\/chezharry.com\/#organization"},"alternateName":"Restaurant Chez Harry - Quebec","potentialAction":[{"@type":"SearchAction","target":{"@type":"EntryPoint","urlTemplate":"https:\/\/chezharry.com\/?s={search_term_string}"},"query-input":{"@type":"PropertyValueSpecification","valueRequired":true,"valueName":"search_term_string"}}],"inLanguage":"en-US"},{"@type":"Organization","@id":"https:\/\/chezharry.com\/#organization","name":"Restaurant Chez Harry","alternateName":"Restaurant Chez Harry - Quebec","url":"https:\/\/chezharry.com\/","logo":{"@type":"ImageObject","inLanguage":"en-US","@id":"https:\/\/chezharry.com\/#\/schema\/logo\/image\/","url":"https:\/\/chezharry.com\/wp-content\/uploads\/2023\/10\/Chez-Harry-logo-arrondi-480.png","contentUrl":"https:\/\/chezharry.com\/wp-content\/uploads\/2023\/10\/Chez-Harry-logo-arrondi-480.png","width":480,"height":621,"caption":"Restaurant Chez Harry"},"image":{"@id":"https:\/\/chezharry.com\/#\/schema\/logo\/image\/"},"sameAs":["https:\/\/fr-ca.facebook.com\/RestaurantChezHarry","https:\/\/www.instagram.com\/restaurant_chezharry\/","https:\/\/www.tiktok.com\/@restochezharry"]}]}},"_links":{"self":[{"href":"https:\/\/chezharry.com\/en\/wp-json\/wp\/v2\/pages\/18","targetHints":{"allow":["GET"]}}],"collection":[{"href":"https:\/\/chezharry.com\/en\/wp-json\/wp\/v2\/pages"}],"about":[{"href":"https:\/\/chezharry.com\/en\/wp-json\/wp\/v2\/types\/page"}],"author":[{"embeddable":true,"href":"https:\/\/chezharry.com\/en\/wp-json\/wp\/v2\/users\/1"}],"replies":[{"embeddable":true,"href":"https:\/\/chezharry.com\/en\/wp-json\/wp\/v2\/comments?post=18"}],"version-history":[{"count":3,"href":"https:\/\/chezharry.com\/en\/wp-json\/wp\/v2\/pages\/18\/revisions"}],"predecessor-version":[{"id":25032,"href":"https:\/\/chezharry.com\/en\/wp-json\/wp\/v2\/pages\/18\/revisions\/25032"}],"wp:featuredmedia":[{"embeddable":true,"href":"https:\/\/chezharry.com\/en\/wp-json\/wp\/v2\/media\/54"}],"wp:attachment":[{"href":"https:\/\/chezharry.com\/en\/wp-json\/wp\/v2\/media?parent=18"}],"curies":[{"name":"wp","href":"https:\/\/api.w.org\/{rel}","templated":true}]}}