{"id":148,"date":"2016-04-22T12:12:16","date_gmt":"2016-04-22T16:12:16","guid":{"rendered":"http:\/\/demo.wpzoom.com\/delicio\/?page_id=148"},"modified":"2024-07-12T10:41:16","modified_gmt":"2024-07-12T14:41:16","slug":"contact","status":"publish","type":"page","link":"https:\/\/chezharry.com\/en\/contact\/","title":{"rendered":"Contact"},"content":{"rendered":"<iframe src=\"https:\/\/www.google.com\/maps\/embed\/v1\/place?key=AIzaSyD09zQ9PNDNNy9TadMuzRV_UsPUoWKntt8&#038;q=1190+Boul.+Louis-XIV%2C+Qu%C3%A9bec%2C+G1H+6P2\"><\/iframe>","protected":false},"excerpt":{"rendered":"","protected":false},"author":1,"featured_media":152,"parent":0,"menu_order":0,"comment_status":"closed","ping_status":"closed","template":"page-templates\/full-width-bb.php","meta":{"footnotes":""},"class_list":["post-148","page","type-page","status-publish","has-post-thumbnail","hentry"],"yoast_head":"<!-- This site is optimized with the Yoast SEO plugin v27.3 - https:\/\/yoast.com\/product\/yoast-seo-wordpress\/ -->\n<title>Contact - Restaurant Chez Harry<\/title>\n<meta name=\"description\" content=\"Contactez-nous pour tout information ou requ\u00eate, \u00e7a nous fera un immense plaisir de vous r\u00e9pondre.\" \/>\n<meta name=\"robots\" content=\"index, follow, max-snippet:-1, max-image-preview:large, max-video-preview:-1\" \/>\n<link rel=\"canonical\" href=\"https:\/\/chezharry.com\/en\/contact\/\" \/>\n<meta property=\"og:locale\" content=\"en_US\" \/>\n<meta property=\"og:type\" content=\"article\" \/>\n<meta property=\"og:title\" content=\"Contact - Restaurant Chez Harry\" \/>\n<meta property=\"og:description\" content=\"Contactez-nous pour tout information ou requ\u00eate, \u00e7a nous fera un immense plaisir de vous r\u00e9pondre.\" \/>\n<meta property=\"og:url\" content=\"https:\/\/chezharry.com\/en\/contact\/\" \/>\n<meta property=\"og:site_name\" content=\"Restaurant Chez Harry\" \/>\n<meta property=\"article:publisher\" content=\"https:\/\/fr-ca.facebook.com\/RestaurantChezHarry\" \/>\n<meta property=\"article:modified_time\" content=\"2024-07-12T14:41:16+00:00\" \/>\n<meta property=\"og:image\" content=\"https:\/\/chezharry.com\/wp-content\/uploads\/2016\/04\/fN6hZMWqRHuFET5YoApH_StBalmainCoffee-3-e1719599580854.jpg\" \/>\n\t<meta property=\"og:image:width\" content=\"1024\" \/>\n\t<meta property=\"og:image:height\" content=\"682\" \/>\n\t<meta property=\"og:image:type\" content=\"image\/jpeg\" \/>\n<meta name=\"twitter:card\" content=\"summary_large_image\" \/>\n<meta name=\"twitter:label1\" content=\"Est. reading time\" \/>\n\t<meta name=\"twitter:data1\" content=\"1 minute\" \/>\n<script type=\"application\/ld+json\" class=\"yoast-schema-graph\">{\"@context\":\"https:\\\/\\\/schema.org\",\"@graph\":[{\"@type\":\"WebPage\",\"@id\":\"https:\\\/\\\/chezharry.com\\\/contact\\\/\",\"url\":\"https:\\\/\\\/chezharry.com\\\/contact\\\/\",\"name\":\"Contact - Restaurant Chez Harry\",\"isPartOf\":{\"@id\":\"https:\\\/\\\/chezharry.com\\\/#website\"},\"primaryImageOfPage\":{\"@id\":\"https:\\\/\\\/chezharry.com\\\/contact\\\/#primaryimage\"},\"image\":{\"@id\":\"https:\\\/\\\/chezharry.com\\\/contact\\\/#primaryimage\"},\"thumbnailUrl\":\"https:\\\/\\\/chezharry.com\\\/wp-content\\\/uploads\\\/2016\\\/04\\\/fN6hZMWqRHuFET5YoApH_StBalmainCoffee-3-e1719599580854.jpg\",\"datePublished\":\"2016-04-22T16:12:16+00:00\",\"dateModified\":\"2024-07-12T14:41:16+00:00\",\"description\":\"Contactez-nous pour tout information ou requ\u00eate, \u00e7a nous fera un immense plaisir de vous r\u00e9pondre.\",\"breadcrumb\":{\"@id\":\"https:\\\/\\\/chezharry.com\\\/contact\\\/#breadcrumb\"},\"inLanguage\":\"en-US\",\"potentialAction\":[{\"@type\":\"ReadAction\",\"target\":[\"https:\\\/\\\/chezharry.com\\\/contact\\\/\"]}]},{\"@type\":\"ImageObject\",\"inLanguage\":\"en-US\",\"@id\":\"https:\\\/\\\/chezharry.com\\\/contact\\\/#primaryimage\",\"url\":\"https:\\\/\\\/chezharry.com\\\/wp-content\\\/uploads\\\/2016\\\/04\\\/fN6hZMWqRHuFET5YoApH_StBalmainCoffee-3-e1719599580854.jpg\",\"contentUrl\":\"https:\\\/\\\/chezharry.com\\\/wp-content\\\/uploads\\\/2016\\\/04\\\/fN6hZMWqRHuFET5YoApH_StBalmainCoffee-3-e1719599580854.jpg\",\"width\":1024,\"height\":682},{\"@type\":\"BreadcrumbList\",\"@id\":\"https:\\\/\\\/chezharry.com\\\/contact\\\/#breadcrumb\",\"itemListElement\":[{\"@type\":\"ListItem\",\"position\":1,\"name\":\"Accueil\",\"item\":\"https:\\\/\\\/chezharry.com\\\/\"},{\"@type\":\"ListItem\",\"position\":2,\"name\":\"Contact\"}]},{\"@type\":\"WebSite\",\"@id\":\"https:\\\/\\\/chezharry.com\\\/#website\",\"url\":\"https:\\\/\\\/chezharry.com\\\/\",\"name\":\"Restaurant Chez Harry\",\"description\":\"\u00a0\u00a0\u00a0Un amour de resto !\",\"publisher\":{\"@id\":\"https:\\\/\\\/chezharry.com\\\/#organization\"},\"alternateName\":\"Restaurant Chez Harry - Quebec\",\"potentialAction\":[{\"@type\":\"SearchAction\",\"target\":{\"@type\":\"EntryPoint\",\"urlTemplate\":\"https:\\\/\\\/chezharry.com\\\/?s={search_term_string}\"},\"query-input\":{\"@type\":\"PropertyValueSpecification\",\"valueRequired\":true,\"valueName\":\"search_term_string\"}}],\"inLanguage\":\"en-US\"},{\"@type\":\"Organization\",\"@id\":\"https:\\\/\\\/chezharry.com\\\/#organization\",\"name\":\"Restaurant Chez Harry\",\"alternateName\":\"Restaurant Chez Harry - Quebec\",\"url\":\"https:\\\/\\\/chezharry.com\\\/\",\"logo\":{\"@type\":\"ImageObject\",\"inLanguage\":\"en-US\",\"@id\":\"https:\\\/\\\/chezharry.com\\\/#\\\/schema\\\/logo\\\/image\\\/\",\"url\":\"https:\\\/\\\/chezharry.com\\\/wp-content\\\/uploads\\\/2023\\\/10\\\/Chez-Harry-logo-arrondi-480.png\",\"contentUrl\":\"https:\\\/\\\/chezharry.com\\\/wp-content\\\/uploads\\\/2023\\\/10\\\/Chez-Harry-logo-arrondi-480.png\",\"width\":480,\"height\":621,\"caption\":\"Restaurant Chez Harry\"},\"image\":{\"@id\":\"https:\\\/\\\/chezharry.com\\\/#\\\/schema\\\/logo\\\/image\\\/\"},\"sameAs\":[\"https:\\\/\\\/fr-ca.facebook.com\\\/RestaurantChezHarry\",\"https:\\\/\\\/www.instagram.com\\\/restaurant_chezharry\\\/\",\"https:\\\/\\\/www.tiktok.com\\\/@restochezharry\"]}]}<\/script>\n<!-- \/ Yoast SEO plugin. -->","yoast_head_json":{"title":"Contact - Restaurant Chez Harry","description":"Contactez-nous pour tout information ou requ\u00eate, \u00e7a nous fera un immense plaisir de vous r\u00e9pondre.","robots":{"index":"index","follow":"follow","max-snippet":"max-snippet:-1","max-image-preview":"max-image-preview:large","max-video-preview":"max-video-preview:-1"},"canonical":"https:\/\/chezharry.com\/en\/contact\/","og_locale":"en_US","og_type":"article","og_title":"Contact - Restaurant Chez Harry","og_description":"Contactez-nous pour tout information ou requ\u00eate, \u00e7a nous fera un immense plaisir de vous r\u00e9pondre.","og_url":"https:\/\/chezharry.com\/en\/contact\/","og_site_name":"Restaurant Chez Harry","article_publisher":"https:\/\/fr-ca.facebook.com\/RestaurantChezHarry","article_modified_time":"2024-07-12T14:41:16+00:00","og_image":[{"width":1024,"height":682,"url":"https:\/\/chezharry.com\/wp-content\/uploads\/2016\/04\/fN6hZMWqRHuFET5YoApH_StBalmainCoffee-3-e1719599580854.jpg","type":"image\/jpeg"}],"twitter_card":"summary_large_image","twitter_misc":{"Est. reading time":"1 minute"},"schema":{"@context":"https:\/\/schema.org","@graph":[{"@type":"WebPage","@id":"https:\/\/chezharry.com\/contact\/","url":"https:\/\/chezharry.com\/contact\/","name":"Contact - Restaurant Chez Harry","isPartOf":{"@id":"https:\/\/chezharry.com\/#website"},"primaryImageOfPage":{"@id":"https:\/\/chezharry.com\/contact\/#primaryimage"},"image":{"@id":"https:\/\/chezharry.com\/contact\/#primaryimage"},"thumbnailUrl":"https:\/\/chezharry.com\/wp-content\/uploads\/2016\/04\/fN6hZMWqRHuFET5YoApH_StBalmainCoffee-3-e1719599580854.jpg","datePublished":"2016-04-22T16:12:16+00:00","dateModified":"2024-07-12T14:41:16+00:00","description":"Contactez-nous pour tout information ou requ\u00eate, \u00e7a nous fera un immense plaisir de vous r\u00e9pondre.","breadcrumb":{"@id":"https:\/\/chezharry.com\/contact\/#breadcrumb"},"inLanguage":"en-US","potentialAction":[{"@type":"ReadAction","target":["https:\/\/chezharry.com\/contact\/"]}]},{"@type":"ImageObject","inLanguage":"en-US","@id":"https:\/\/chezharry.com\/contact\/#primaryimage","url":"https:\/\/chezharry.com\/wp-content\/uploads\/2016\/04\/fN6hZMWqRHuFET5YoApH_StBalmainCoffee-3-e1719599580854.jpg","contentUrl":"https:\/\/chezharry.com\/wp-content\/uploads\/2016\/04\/fN6hZMWqRHuFET5YoApH_StBalmainCoffee-3-e1719599580854.jpg","width":1024,"height":682},{"@type":"BreadcrumbList","@id":"https:\/\/chezharry.com\/contact\/#breadcrumb","itemListElement":[{"@type":"ListItem","position":1,"name":"Accueil","item":"https:\/\/chezharry.com\/"},{"@type":"ListItem","position":2,"name":"Contact"}]},{"@type":"WebSite","@id":"https:\/\/chezharry.com\/#website","url":"https:\/\/chezharry.com\/","name":"Restaurant Chez Harry","description":"\u00a0\u00a0\u00a0A love of a restaurant!","publisher":{"@id":"https:\/\/chezharry.com\/#organization"},"alternateName":"Restaurant Chez Harry - Quebec","potentialAction":[{"@type":"SearchAction","target":{"@type":"EntryPoint","urlTemplate":"https:\/\/chezharry.com\/?s={search_term_string}"},"query-input":{"@type":"PropertyValueSpecification","valueRequired":true,"valueName":"search_term_string"}}],"inLanguage":"en-US"},{"@type":"Organization","@id":"https:\/\/chezharry.com\/#organization","name":"Restaurant Chez Harry","alternateName":"Restaurant Chez Harry - Quebec","url":"https:\/\/chezharry.com\/","logo":{"@type":"ImageObject","inLanguage":"en-US","@id":"https:\/\/chezharry.com\/#\/schema\/logo\/image\/","url":"https:\/\/chezharry.com\/wp-content\/uploads\/2023\/10\/Chez-Harry-logo-arrondi-480.png","contentUrl":"https:\/\/chezharry.com\/wp-content\/uploads\/2023\/10\/Chez-Harry-logo-arrondi-480.png","width":480,"height":621,"caption":"Restaurant Chez Harry"},"image":{"@id":"https:\/\/chezharry.com\/#\/schema\/logo\/image\/"},"sameAs":["https:\/\/fr-ca.facebook.com\/RestaurantChezHarry","https:\/\/www.instagram.com\/restaurant_chezharry\/","https:\/\/www.tiktok.com\/@restochezharry"]}]}},"_links":{"self":[{"href":"https:\/\/chezharry.com\/en\/wp-json\/wp\/v2\/pages\/148","targetHints":{"allow":["GET"]}}],"collection":[{"href":"https:\/\/chezharry.com\/en\/wp-json\/wp\/v2\/pages"}],"about":[{"href":"https:\/\/chezharry.com\/en\/wp-json\/wp\/v2\/types\/page"}],"author":[{"embeddable":true,"href":"https:\/\/chezharry.com\/en\/wp-json\/wp\/v2\/users\/1"}],"replies":[{"embeddable":true,"href":"https:\/\/chezharry.com\/en\/wp-json\/wp\/v2\/comments?post=148"}],"version-history":[{"count":1,"href":"https:\/\/chezharry.com\/en\/wp-json\/wp\/v2\/pages\/148\/revisions"}],"predecessor-version":[{"id":8743,"href":"https:\/\/chezharry.com\/en\/wp-json\/wp\/v2\/pages\/148\/revisions\/8743"}],"wp:featuredmedia":[{"embeddable":true,"href":"https:\/\/chezharry.com\/en\/wp-json\/wp\/v2\/media\/152"}],"wp:attachment":[{"href":"https:\/\/chezharry.com\/en\/wp-json\/wp\/v2\/media?parent=148"}],"curies":[{"name":"wp","href":"https:\/\/api.w.org\/{rel}","templated":true}]}}